{"id":224234,"date":"2022-09-21T09:58:02","date_gmt":"2022-09-21T12:58:02","guid":{"rendered":"https:\/\/www.redenoticia.com.br\/noticia\/?page_id=224234"},"modified":"2022-10-03T09:02:22","modified_gmt":"2022-10-03T12:02:22","slug":"expediente","status":"publish","type":"page","link":"https:\/\/www.redenoticia.com.br\/noticia\/expediente","title":{"rendered":"Expediente"},"content":{"rendered":"\r\n<p class=\"has-text-align-center\">No RedeNot\u00edcia, informa\u00e7\u00e3o \u00e9 um assunto levado a s\u00e9rio.<\/p>\r\n\r\n\r\n\r\n<p>O RedeNot\u00edcia foi criado em 2009 pela Nsys Consultoria e Projetos (cnpj 05345950000171) e, desde o in\u00edcio, tem sido uma refer\u00eancia quando o assunto s\u00e3o novelas, televis\u00e3o e loterias . Com mat\u00e9rias s\u00f3brias e objetivas, com a informa\u00e7\u00e3o correta desde o primeiro par\u00e1grafo, as not\u00edcias publicadas j\u00e1 atra\u00edram mais de 500 milh\u00f5es de visitantes.\u00a0Seu corpo de redatores tem grande experi\u00eancia no assunto e suas publica\u00e7\u00f5es s\u00e3o di\u00e1rias e sempre atualizadas.<\/p>\r\n\r\n\r\n\r\n<p>A reda\u00e7\u00e3o est\u00e1 instalada na rua Copauva 50 no munic\u00edpio de Itanha\u00e9m (SP).\u00a0<\/p>\r\n\r\n\r\n\r\n<p>e-mail: fale-conosco@redenoticia.com.br<\/p>\r\n\r\n\r\n<p><a href=\"https:\/\/facebook.com\/redenoticia\">Facebook<\/a><br>\r\n<a href=\"https:\/\/twitter.com\/redenoticia\">Twitter<\/a><\/p>\r\n\r\n\r\n\r\n<div class=\"wp-block-genesis-blocks-gb-profile-box square gb-has-avatar gb-font-size-18 gb-block-profile gb-profile-columns\" style=\"background-color: #f2f2f2; color: #32373c;\">\r\n<div class=\"gb-profile-column gb-profile-avatar-wrap\">\r\n<div class=\"gb-profile-image-wrap\">\r\n<figure class=\"gb-profile-image-square\"><img decoding=\"async\" class=\"gb-profile-avatar wp-image-84029\" src=\"https:\/\/www.redenoticia.com.br\/noticia\/imagens\/martha-expediente-e1663699358246.jpeg\" alt=\"\" \/><\/figure>\r\n<\/div>\r\n<\/div>\r\n<div class=\"gb-profile-column gb-profile-content-wrap\">\r\n<h2 class=\"gb-profile-name\" style=\"color: #32373c;\">Martha Ramazotti<\/h2>\r\n<p class=\"gb-profile-title\" style=\"color: #32373c;\">Editora Chefe<\/p>\r\n<div class=\"gb-profile-text\">\r\n<p>Com mais de 20 anos de experi\u00eancia na \u00e1rea, Martha trabalhou como editora, programadora e apresentadora em v\u00e1rios programas da afiliada da Rede Record de Rond\u00f4nia. Fundadora e Editora Chefe do RedeNot\u00edcia, \u00e9 a principal respons\u00e1vel pelas not\u00edcias publicadas.<\/p>\r\n<p>email: martha@redenoticia.com.br<\/p>\r\n<p>&nbsp;<\/p>\r\n<\/div>\r\n<\/div>\r\n<\/div>\r\n\r\n\r\n\r\n<div class=\"wp-block-genesis-blocks-gb-profile-box center square gb-has-avatar gb-font-size-18 gb-block-profile gb-profile-columns\" style=\"background-color: #f2f2f2; color: #32373c;\">\r\n<div class=\"gb-profile-column gb-profile-avatar-wrap\">\r\n<div class=\"gb-profile-image-wrap\">\r\n<figure class=\"gb-profile-image-square\"><img decoding=\"async\" class=\"gb-profile-avatar wp-image-84030\" src=\"https:\/\/www.redenoticia.com.br\/noticia\/imagens\/luiz-expediente-e1663699295835.jpeg\" alt=\"\" \/><\/figure>\r\n<\/div>\r\n<\/div>\r\n<div class=\"gb-profile-column gb-profile-content-wrap\">\r\n<h2 class=\"gb-profile-name\" style=\"color: #32373c;\">Luiz Mascaro<\/h2>\r\n<p class=\"gb-profile-title\" style=\"color: #32373c;\">Analista e Redator<\/p>\r\n<div class=\"gb-profile-text\">\r\n<p>Respons\u00e1vel t\u00e9cnico do site, possui vasta experi\u00eancia na \u00e1rea de Loterias da Caixa. Com grande conhecimento dos jogos e dos seus hist\u00f3ricos, \u00e9 o respons\u00e1vel pela se\u00e7\u00e3o de loterias do site<\/p>\r\n<p>email: lam486@redenoticia.com.br<\/p>\r\n<\/div>\r\n<\/div>\r\n<\/div>\r\n\r\n\r\n\r\n<div class=\"wp-block-genesis-blocks-gb-profile-box square gb-has-avatar gb-font-size-18 gb-block-profile gb-profile-columns\" style=\"background-color: #f2f2f2; color: #32373c;\">\r\n<div class=\"gb-profile-column gb-profile-avatar-wrap\">\r\n<div class=\"gb-profile-image-wrap\">\r\n<figure class=\"gb-profile-image-square\"><img decoding=\"async\" class=\"gb-profile-avatar wp-image-84031\" src=\"https:\/\/www.redenoticia.com.br\/noticia\/imagens\/Rita_Carandina-e1663699241334.jpeg\" alt=\"\" \/><\/figure>\r\n<\/div>\r\n<\/div>\r\n<div class=\"gb-profile-column gb-profile-content-wrap\">\r\n<h2 class=\"gb-profile-name\" style=\"color: #32373c;\">Rita Carandina<\/h2>\r\n<p class=\"gb-profile-title\" style=\"color: #32373c;\">Redatora<\/p>\r\n<div class=\"gb-profile-text\">\r\n<p>Noveleira de carteirinha, assiste ou grava todas as novelas e \u00e9 a respons\u00e1vel por um dos princ\u00edpios fundamentais do site, resumos das novelas sempre atualizados at\u00e9 o \u00faltimo cap\u00edtulo. Rita participa do site desde 2011.<\/p>\r\n<p>email: rita@redenoticia.com.br<\/p>\r\n<p>&nbsp;<\/p>\r\n<\/div>\r\n<\/div>\r\n<\/div>\r\n\r\n\r\n\r\n<div class=\"wp-block-genesis-blocks-gb-profile-box square gb-has-avatar gb-font-size-18 gb-block-profile gb-profile-columns\" style=\"background-color: #f2f2f2; color: #32373c;\">\r\n<div class=\"gb-profile-column gb-profile-avatar-wrap\">\r\n<div class=\"gb-profile-image-wrap\">\r\n<figure class=\"gb-profile-image-square\"><img decoding=\"async\" class=\"gb-profile-avatar wp-image-84034\" src=\"https:\/\/www.redenoticia.com.br\/noticia\/imagens\/expediente_lucas.jpg\" alt=\"\" \/><\/figure>\r\n<\/div>\r\n<\/div>\r\n<div class=\"gb-profile-column gb-profile-content-wrap\">\r\n<h2 class=\"gb-profile-name\" style=\"color: #32373c;\">Lucas Athaide<\/h2>\r\n<p class=\"gb-profile-title\" style=\"color: #32373c;\">Redator<\/p>\r\n<div class=\"gb-profile-text\">\r\n<p>Grande conhecedor das redes sociais, pesquisa constantemente as publica\u00e7\u00f5es dos famosos para enriquecer o conte\u00fado do site.<\/p>\r\n<p>email: lucas@redenoticia.com.br<\/p>\r\n<\/div>\r\n<\/div>\r\n<\/div>\r\n","protected":false},"excerpt":{"rendered":"<p>No RedeNot\u00edcia, informa\u00e7\u00e3o \u00e9 um assunto levado a s\u00e9rio. O RedeNot\u00edcia foi criado em 2009 pela Nsys Consultoria e Projetos (cnpj 05345950000171) e, desde o in\u00edcio, tem sido uma refer\u00eancia quando o assunto s\u00e3o novelas, televis\u00e3o e loterias . Com mat\u00e9rias s\u00f3brias e objetivas, com a informa\u00e7\u00e3o correta desde o primeiro par\u00e1grafo, as not\u00edcias publicadas [&hellip;]<\/p>\n","protected":false},"author":5,"featured_media":0,"parent":0,"menu_order":0,"comment_status":"closed","ping_status":"closed","template":"","meta":{"_genesis_hide_title":false,"_genesis_hide_breadcrumbs":false,"_genesis_hide_singular_image":false,"_genesis_hide_footer_widgets":false,"_genesis_custom_body_class":"","_genesis_custom_post_class":"","_genesis_layout":"full-width-content","footnotes":""},"class_list":{"0":"post-224234","1":"page","2":"type-page","3":"status-publish","5":"entry","6":"gs-1","7":"gs-odd","8":"gs-even","9":"gs-featured-content-entry"},"jetpack_sharing_enabled":true,"jetpack_likes_enabled":true,"_links":{"self":[{"href":"https:\/\/www.redenoticia.com.br\/noticia\/wp-json\/wp\/v2\/pages\/224234","targetHints":{"allow":["GET"]}}],"collection":[{"href":"https:\/\/www.redenoticia.com.br\/noticia\/wp-json\/wp\/v2\/pages"}],"about":[{"href":"https:\/\/www.redenoticia.com.br\/noticia\/wp-json\/wp\/v2\/types\/page"}],"author":[{"embeddable":true,"href":"https:\/\/www.redenoticia.com.br\/noticia\/wp-json\/wp\/v2\/users\/5"}],"replies":[{"embeddable":true,"href":"https:\/\/www.redenoticia.com.br\/noticia\/wp-json\/wp\/v2\/comments?post=224234"}],"version-history":[{"count":0,"href":"https:\/\/www.redenoticia.com.br\/noticia\/wp-json\/wp\/v2\/pages\/224234\/revisions"}],"wp:attachment":[{"href":"https:\/\/www.redenoticia.com.br\/noticia\/wp-json\/wp\/v2\/media?parent=224234"}],"curies":[{"name":"wp","href":"https:\/\/api.w.org\/{rel}","templated":true}]}}